{"id":2,"date":"2023-08-03T00:00:32","date_gmt":"2023-08-03T00:00:32","guid":{"rendered":"http:\/\/easebliss.com\/?page_id=2"},"modified":"2024-04-18T04:52:30","modified_gmt":"2024-04-18T04:52:30","slug":"nosotros","status":"publish","type":"page","link":"https:\/\/easebliss.com\/en\/nosotros","title":{"rendered":"Nosotros"},"content":{"rendered":"<style>.elementor-2 .elementor-element.elementor-element-38c2e61{overflow:visible;}.elementor-2 .elementor-element.elementor-element-4a68969{--spacer-size:50px;}.elementor-2 .elementor-element.elementor-element-2efd485{overflow:visible;}.elementor-2 .elementor-element.elementor-element-ab83836{--spacer-size:50px;}.elementor-2 .elementor-element.elementor-element-894d7e4{overflow:visible;}.elementor-2 .elementor-element.elementor-element-a22be06{--spacer-size:78px;}.elementor-2 .elementor-element.elementor-element-fc482e6{overflow:visible;}.elementor-2 .elementor-element.elementor-element-c9b5cbf{--spacer-size:93px;}.elementor-2 .elementor-element.elementor-element-71386f1{overflow:visible;}.elementor-2 .elementor-element.elementor-element-f31c12a{text-align:center;}.elementor-2 .elementor-element.elementor-element-f31c12a .elementor-heading-title{font-family:\"EaseBliss\", Sans-serif;font-size:75px;font-weight:600;line-height:0px;letter-spacing:10px;-webkit-text-stroke-color:#000;stroke:#000;color:#9FCFD5;}.elementor-2 .elementor-element.elementor-element-9a4a835{--spacer-size:50px;}.elementor-2 .elementor-element.elementor-element-2a49fffe{overflow:visible;}.elementor-2 .elementor-element.elementor-element-1f433c7b .elementor-element-populated .elementor-heading-title{color:#0A0A0A;}.elementor-2 .elementor-element.elementor-element-1f433c7b > .elementor-element-populated{color:#252121;}.elementor-2 .elementor-element.elementor-element-0815e10{--spacer-size:50px;}.elementor-2 .elementor-element.elementor-element-a8a3a26{text-align:center;}.elementor-2 .elementor-element.elementor-element-a8a3a26 .elementor-heading-title{font-family:\"Poppins\", Sans-serif;font-size:30px;font-weight:600;letter-spacing:1px;-webkit-text-stroke-color:#000;stroke:#000;color:#575757;}.elementor-2 .elementor-element.elementor-element-4f9a80f0{font-family:\"Poppins\", Sans-serif;font-size:21px;font-weight:400;}@media(max-width:767px){.elementor-2 .elementor-element.elementor-element-f31c12a .elementor-heading-title{font-size:42px;}.elementor-2 .elementor-element.elementor-element-a8a3a26 .elementor-heading-title{font-size:25px;}.elementor-2 .elementor-element.elementor-element-a8a3a26 > .elementor-widget-container{margin:0px 0px 0px 0px;}}<\/style>\t\t<div data-elementor-type=\"wp-page\" data-elementor-id=\"2\" class=\"elementor elementor-2\">\n\t\t\t\t\t\t<section class=\"elementor-section elementor-top-section elementor-element elementor-element-38c2e61 elementor-section-boxed elementor-section-height-default elementor-section-height-default\" data-id=\"38c2e61\" data-element_type=\"section\" data-e-type=\"section\" data-settings=\"{&quot;ekit_has_onepagescroll_dot&quot;:&quot;yes&quot;}\">\n\t\t\t\t\t\t<div class=\"elementor-container elementor-column-gap-default\">\n\t\t\t\t\t<div class=\"elementor-column elementor-col-100 elementor-top-column elementor-element elementor-element-c8cc751\" data-id=\"c8cc751\" data-element_type=\"column\" data-e-type=\"column\">\n\t\t\t<div class=\"elementor-widget-wrap elementor-element-populated\">\n\t\t\t\t\t\t<div class=\"elementor-element elementor-element-4a68969 elementor-widget elementor-widget-spacer\" data-id=\"4a68969\" data-element_type=\"widget\" data-e-type=\"widget\" data-settings=\"{&quot;ekit_we_effect_on&quot;:&quot;none&quot;}\" data-widget_type=\"spacer.default\">\n\t\t\t\t<div class=\"elementor-widget-container\">\n\t\t\t\t\t\t\t<div class=\"elementor-spacer\">\n\t\t\t<div class=\"elementor-spacer-inner\"><\/div>\n\t\t<\/div>\n\t\t\t\t\t\t<\/div>\n\t\t\t\t<\/div>\n\t\t\t\t\t<\/div>\n\t\t<\/div>\n\t\t\t\t\t<\/div>\n\t\t<\/section>\n\t\t\t\t<section class=\"elementor-section elementor-top-section elementor-element elementor-element-2efd485 elementor-section-boxed elementor-section-height-default elementor-section-height-default\" data-id=\"2efd485\" data-element_type=\"section\" data-e-type=\"section\" data-settings=\"{&quot;ekit_has_onepagescroll_dot&quot;:&quot;yes&quot;}\">\n\t\t\t\t\t\t<div class=\"elementor-container elementor-column-gap-default\">\n\t\t\t\t\t<div class=\"elementor-column elementor-col-100 elementor-top-column elementor-element elementor-element-92b1a27\" data-id=\"92b1a27\" data-element_type=\"column\" data-e-type=\"column\">\n\t\t\t<div class=\"elementor-widget-wrap elementor-element-populated\">\n\t\t\t\t\t\t<div class=\"elementor-element elementor-element-ab83836 elementor-widget elementor-widget-spacer\" data-id=\"ab83836\" data-element_type=\"widget\" data-e-type=\"widget\" data-settings=\"{&quot;ekit_we_effect_on&quot;:&quot;none&quot;}\" data-widget_type=\"spacer.default\">\n\t\t\t\t<div class=\"elementor-widget-container\">\n\t\t\t\t\t\t\t<div class=\"elementor-spacer\">\n\t\t\t<div class=\"elementor-spacer-inner\"><\/div>\n\t\t<\/div>\n\t\t\t\t\t\t<\/div>\n\t\t\t\t<\/div>\n\t\t\t\t\t<\/div>\n\t\t<\/div>\n\t\t\t\t\t<\/div>\n\t\t<\/section>\n\t\t\t\t<section class=\"elementor-section elementor-top-section elementor-element elementor-element-894d7e4 elementor-section-boxed elementor-section-height-default elementor-section-height-default\" data-id=\"894d7e4\" data-element_type=\"section\" data-e-type=\"section\" data-settings=\"{&quot;ekit_has_onepagescroll_dot&quot;:&quot;yes&quot;}\">\n\t\t\t\t\t\t<div class=\"elementor-container elementor-column-gap-default\">\n\t\t\t\t\t<div class=\"elementor-column elementor-col-100 elementor-top-column elementor-element elementor-element-aab5cf7\" data-id=\"aab5cf7\" data-element_type=\"column\" data-e-type=\"column\">\n\t\t\t<div class=\"elementor-widget-wrap elementor-element-populated\">\n\t\t\t\t\t\t<div class=\"elementor-element elementor-element-a22be06 elementor-widget elementor-widget-spacer\" data-id=\"a22be06\" data-element_type=\"widget\" data-e-type=\"widget\" data-settings=\"{&quot;ekit_we_effect_on&quot;:&quot;none&quot;}\" data-widget_type=\"spacer.default\">\n\t\t\t\t<div class=\"elementor-widget-container\">\n\t\t\t\t\t\t\t<div class=\"elementor-spacer\">\n\t\t\t<div class=\"elementor-spacer-inner\"><\/div>\n\t\t<\/div>\n\t\t\t\t\t\t<\/div>\n\t\t\t\t<\/div>\n\t\t\t\t\t<\/div>\n\t\t<\/div>\n\t\t\t\t\t<\/div>\n\t\t<\/section>\n\t\t\t\t<section class=\"elementor-section elementor-top-section elementor-element elementor-element-fc482e6 elementor-section-boxed elementor-section-height-default elementor-section-height-default\" data-id=\"fc482e6\" data-element_type=\"section\" data-e-type=\"section\" data-settings=\"{&quot;ekit_has_onepagescroll_dot&quot;:&quot;yes&quot;}\">\n\t\t\t\t\t\t<div class=\"elementor-container elementor-column-gap-default\">\n\t\t\t\t\t<div class=\"elementor-column elementor-col-100 elementor-top-column elementor-element elementor-element-6685381\" data-id=\"6685381\" data-element_type=\"column\" data-e-type=\"column\">\n\t\t\t<div class=\"elementor-widget-wrap elementor-element-populated\">\n\t\t\t\t\t\t<div class=\"elementor-element elementor-element-c9b5cbf elementor-widget elementor-widget-spacer\" data-id=\"c9b5cbf\" data-element_type=\"widget\" data-e-type=\"widget\" data-settings=\"{&quot;ekit_we_effect_on&quot;:&quot;none&quot;}\" data-widget_type=\"spacer.default\">\n\t\t\t\t<div class=\"elementor-widget-container\">\n\t\t\t\t\t\t\t<div class=\"elementor-spacer\">\n\t\t\t<div class=\"elementor-spacer-inner\"><\/div>\n\t\t<\/div>\n\t\t\t\t\t\t<\/div>\n\t\t\t\t<\/div>\n\t\t\t\t\t<\/div>\n\t\t<\/div>\n\t\t\t\t\t<\/div>\n\t\t<\/section>\n\t\t\t\t<section class=\"elementor-section elementor-top-section elementor-element elementor-element-71386f1 elementor-section-full_width elementor-section-height-default elementor-section-height-default\" data-id=\"71386f1\" data-element_type=\"section\" data-e-type=\"section\" data-settings=\"{&quot;ekit_has_onepagescroll_dot&quot;:&quot;yes&quot;}\">\n\t\t\t\t\t\t<div class=\"elementor-container elementor-column-gap-default\">\n\t\t\t\t\t<div class=\"elementor-column elementor-col-100 elementor-top-column elementor-element elementor-element-b212935\" data-id=\"b212935\" data-element_type=\"column\" data-e-type=\"column\">\n\t\t\t<div class=\"elementor-widget-wrap elementor-element-populated\">\n\t\t\t\t\t\t<div class=\"elementor-element elementor-element-f31c12a elementor-widget elementor-widget-heading\" data-id=\"f31c12a\" data-element_type=\"widget\" data-e-type=\"widget\" data-settings=\"{&quot;ekit_we_effect_on&quot;:&quot;none&quot;}\" data-widget_type=\"heading.default\">\n\t\t\t\t<div class=\"elementor-widget-container\">\n\t\t\t\t\t<h2 class=\"elementor-heading-title elementor-size-default\">NOSOTROS<\/h2>\t\t\t\t<\/div>\n\t\t\t\t<\/div>\n\t\t\t\t<div class=\"elementor-element elementor-element-9a4a835 elementor-hidden-mobile elementor-widget elementor-widget-spacer\" data-id=\"9a4a835\" data-element_type=\"widget\" data-e-type=\"widget\" data-settings=\"{&quot;ekit_we_effect_on&quot;:&quot;none&quot;}\" data-widget_type=\"spacer.default\">\n\t\t\t\t<div class=\"elementor-widget-container\">\n\t\t\t\t\t\t\t<div class=\"elementor-spacer\">\n\t\t\t<div class=\"elementor-spacer-inner\"><\/div>\n\t\t<\/div>\n\t\t\t\t\t\t<\/div>\n\t\t\t\t<\/div>\n\t\t\t\t\t<\/div>\n\t\t<\/div>\n\t\t\t\t\t<\/div>\n\t\t<\/section>\n\t\t\t\t<section class=\"elementor-section elementor-top-section elementor-element elementor-element-2a49fffe elementor-section-full_width elementor-section-height-default elementor-section-height-default\" data-id=\"2a49fffe\" data-element_type=\"section\" data-e-type=\"section\" data-settings=\"{&quot;ekit_has_onepagescroll_dot&quot;:&quot;yes&quot;}\">\n\t\t\t\t\t\t<div class=\"elementor-container elementor-column-gap-default\">\n\t\t\t\t\t<div class=\"elementor-column elementor-col-50 elementor-top-column elementor-element elementor-element-1f433c7b\" data-id=\"1f433c7b\" data-element_type=\"column\" data-e-type=\"column\">\n\t\t\t<div class=\"elementor-widget-wrap elementor-element-populated\">\n\t\t\t\t\t\t<div class=\"elementor-element elementor-element-0815e10 elementor-widget elementor-widget-spacer\" data-id=\"0815e10\" data-element_type=\"widget\" data-e-type=\"widget\" data-settings=\"{&quot;ekit_we_effect_on&quot;:&quot;none&quot;}\" data-widget_type=\"spacer.default\">\n\t\t\t\t<div class=\"elementor-widget-container\">\n\t\t\t\t\t\t\t<div class=\"elementor-spacer\">\n\t\t\t<div class=\"elementor-spacer-inner\"><\/div>\n\t\t<\/div>\n\t\t\t\t\t\t<\/div>\n\t\t\t\t<\/div>\n\t\t\t\t<div class=\"elementor-element elementor-element-a8a3a26 elementor-widget elementor-widget-heading\" data-id=\"a8a3a26\" data-element_type=\"widget\" data-e-type=\"widget\" data-settings=\"{&quot;ekit_we_effect_on&quot;:&quot;none&quot;}\" data-widget_type=\"heading.default\">\n\t\t\t\t<div class=\"elementor-widget-container\">\n\t\t\t\t\t<h2 class=\"elementor-heading-title elementor-size-default\">En EaseBliss, tu bienestar integral es nuestra principal preocupaci\u00f3n. <\/h2>\t\t\t\t<\/div>\n\t\t\t\t<\/div>\n\t\t\t\t<div class=\"elementor-element elementor-element-4f9a80f0 elementor-widget elementor-widget-text-editor\" data-id=\"4f9a80f0\" data-element_type=\"widget\" data-e-type=\"widget\" data-settings=\"{&quot;ekit_we_effect_on&quot;:&quot;none&quot;}\" data-widget_type=\"text-editor.default\">\n\t\t\t\t<div class=\"elementor-widget-container\">\n\t\t\t\t\t\t\t\t\t<p><\/p>\n<p style=\"font-weight: 400;\">Por esta raz\u00f3n, no solo ofrecemos productos de alta calidad, sino que tambi\u00e9n te brindamos una secci\u00f3n dedicada a consejos y ejercicios para mejorar tu postura y aliviar dolencias comunes. Nos importa que disfrutes de una vida m\u00e1s saludable y c\u00f3moda.<\/p>\n<p style=\"font-weight: 400;\">Descubre la colecci\u00f3n de productos cuidadosamente seleccionados en <strong>EaseBliss<\/strong>, dise\u00f1ados para aliviar el estr\u00e9s y la tensi\u00f3n, mejorar tu postura y hacer que cada d\u00eda sea m\u00e1s placentero y productivo. Ya sea que pases largas horas en tu escritorio, busques una postura m\u00e1s saludable o simplemente desees una experiencia de m\u00e1ximo confort, \u00a1tenemos exactamente lo que necesitas!<\/p>\n<p style=\"font-weight: 400;\">\u00a0<\/p>\n<p><\/p>\t\t\t\t\t\t\t\t<\/div>\n\t\t\t\t<\/div>\n\t\t\t\t\t<\/div>\n\t\t<\/div>\n\t\t\t\t<div class=\"elementor-column elementor-col-50 elementor-top-column elementor-element elementor-element-21921d5\" data-id=\"21921d5\" data-element_type=\"column\" data-e-type=\"column\">\n\t\t\t<div class=\"elementor-widget-wrap elementor-element-populated\">\n\t\t\t\t\t\t<div class=\"elementor-element elementor-element-1b740cc elementor-widget elementor-widget-image\" data-id=\"1b740cc\" data-element_type=\"widget\" data-e-type=\"widget\" data-settings=\"{&quot;ekit_we_effect_on&quot;:&quot;none&quot;}\" data-widget_type=\"image.default\">\n\t\t\t\t<div class=\"elementor-widget-container\">\n\t\t\t\t\t\t\t\t\t\t\t\t\t\t\t<img fetchpriority=\"high\" decoding=\"async\" width=\"1676\" height=\"2048\" src=\"https:\/\/easebliss.com\/wp-content\/uploads\/2023\/08\/Buena-postura-1676x2048.png\" class=\"attachment-2048x2048 size-2048x2048 wp-image-569\" alt=\"\" srcset=\"https:\/\/easebliss.com\/wp-content\/uploads\/2023\/08\/Buena-postura-1676x2048.png 1676w, https:\/\/easebliss.com\/wp-content\/uploads\/2023\/08\/Buena-postura-600x733.png 600w, https:\/\/easebliss.com\/wp-content\/uploads\/2023\/08\/Buena-postura-245x300.png 245w, https:\/\/easebliss.com\/wp-content\/uploads\/2023\/08\/Buena-postura-838x1024.png 838w, https:\/\/easebliss.com\/wp-content\/uploads\/2023\/08\/Buena-postura-768x939.png 768w, https:\/\/easebliss.com\/wp-content\/uploads\/2023\/08\/Buena-postura-1257x1536.png 1257w, https:\/\/easebliss.com\/wp-content\/uploads\/2023\/08\/Buena-postura.png 1800w\" sizes=\"(max-width: 1676px) 100vw, 1676px\" \/>\t\t\t\t\t\t\t\t\t\t\t\t\t\t\t<\/div>\n\t\t\t\t<\/div>\n\t\t\t\t\t<\/div>\n\t\t<\/div>\n\t\t\t\t\t<\/div>\n\t\t<\/section>\n\t\t\t\t<\/div>","protected":false},"excerpt":{"rendered":"<p>NOSOTROS En EaseBliss, tu bienestar integral es nuestra principal preocupaci\u00f3n. Por esta raz\u00f3n, no solo ofrecemos productos de alta calidad, sino que tambi\u00e9n te brindamos una secci\u00f3n dedicada a consejos y ejercicios para mejorar tu postura y aliviar dolencias comunes. Nos importa que disfrutes de una vida m\u00e1s saludable y c\u00f3moda. Descubre la colecci\u00f3n de [&hellip;]<\/p>\n","protected":false},"author":1,"featured_media":0,"parent":0,"menu_order":0,"comment_status":"closed","ping_status":"open","template":"templates\/page-fullwidth_template.php","meta":{"footnotes":""},"class_list":["post-2","page","type-page","status-publish","hentry"],"_links":{"self":[{"href":"https:\/\/easebliss.com\/en\/wp-json\/wp\/v2\/pages\/2","targetHints":{"allow":["GET"]}}],"collection":[{"href":"https:\/\/easebliss.com\/en\/wp-json\/wp\/v2\/pages"}],"about":[{"href":"https:\/\/easebliss.com\/en\/wp-json\/wp\/v2\/types\/page"}],"author":[{"embeddable":true,"href":"https:\/\/easebliss.com\/en\/wp-json\/wp\/v2\/users\/1"}],"replies":[{"embeddable":true,"href":"https:\/\/easebliss.com\/en\/wp-json\/wp\/v2\/comments?post=2"}],"version-history":[{"count":65,"href":"https:\/\/easebliss.com\/en\/wp-json\/wp\/v2\/pages\/2\/revisions"}],"predecessor-version":[{"id":1554,"href":"https:\/\/easebliss.com\/en\/wp-json\/wp\/v2\/pages\/2\/revisions\/1554"}],"wp:attachment":[{"href":"https:\/\/easebliss.com\/en\/wp-json\/wp\/v2\/media?parent=2"}],"curies":[{"name":"wp","href":"https:\/\/api.w.org\/{rel}","templated":true}]}}