{"id":55,"date":"2023-08-27T23:37:59","date_gmt":"2023-08-27T23:37:59","guid":{"rendered":"http:\/\/easebliss.com\/?page_id=55"},"modified":"2025-06-05T17:48:26","modified_gmt":"2025-06-05T17:48:26","slug":"shop","status":"publish","type":"page","link":"https:\/\/easebliss.com\/en\/shop","title":{"rendered":"Tienda"},"content":{"rendered":"<style>.elementor-55 .elementor-element.elementor-element-aee3564{overflow:visible;}.elementor-55 .elementor-element.elementor-element-3a0c0cc{z-index:0;}.elementor-55 .elementor-element.elementor-element-eae6ff1 .jeg-elementor-kit.jkit-button{text-align:right;}.elementor-55 .elementor-element.elementor-element-eae6ff1 .jeg-elementor-kit.jkit-button .jkit-button-wrapper{font-family:\"Montserrat\", Sans-serif;font-size:16px;font-weight:600;background-color:transparent;background-image:linear-gradient(107deg, #9CCCD4 0%, #14444C 100%);}.elementor-55 .elementor-element.elementor-element-eae6ff1 .jeg-elementor-kit.jkit-button.icon-position-before .jkit-button-wrapper i, .elementor-55 .elementor-element.elementor-element-eae6ff1 .jeg-elementor-kit.jkit-button.icon-position-before .jkit-button-wrapper svg{margin-right:5px;}.elementor-55 .elementor-element.elementor-element-eae6ff1 .jeg-elementor-kit.jkit-button.icon-position-after .jkit-button-wrapper i, .elementor-55 .elementor-element.elementor-element-eae6ff1 .jeg-elementor-kit.jkit-button.icon-position-after .jkit-button-wrapper svg{margin-left:5px;}.elementor-55 .elementor-element.elementor-element-497b34c > .elementor-container > .elementor-column > .elementor-widget-wrap{align-content:center;align-items:center;}.elementor-55 .elementor-element.elementor-element-497b34c{margin-top:0px;margin-bottom:64px;overflow:visible;}.elementor-55 .elementor-element.elementor-element-497b34c.elementor-section::before{content:\"\";width:100%;height:100%;position:absolute;left:0;top:0;-webkit-backdrop-filter:blur(0px);backdrop-filter:blur(0px);border-radius:inherit;background-color:inherit;}.elementor-55 .elementor-element.elementor-element-5dc242c .jeg-elementor-kit.jkit-product-carousel .jkit-products, .elementor-55 .elementor-element.elementor-element-5dc242c .jeg-elementor-kit.jkit-product-carousel .jkit-products .button{text-align:center;}.elementor-55 .elementor-element.elementor-element-5dc242c .jeg-elementor-kit.jkit-product-carousel .star-rating{--rating-margin-center:0;font-size:13px;height:13px;}.elementor-55 .elementor-element.elementor-element-5dc242c .jeg-elementor-kit.jkit-product-carousel .product-title{font-family:\"Montserrat\", Sans-serif;font-size:18px;font-weight:800;color:#14444C;}.elementor-55 .elementor-element.elementor-element-5dc242c .jeg-elementor-kit.jkit-product-carousel .jkit-product-categories{-webkit-box-decoration-break:clone;box-decoration-break:clone;display:inline;font-family:\"Montserrat\", Sans-serif;font-size:14px;font-weight:600;letter-spacing:0px;color:#9CCCD4;}.elementor-55 .elementor-element.elementor-element-5dc242c .jeg-elementor-kit.jkit-product-carousel .price{font-family:\"Montserrat\", Sans-serif;font-size:18px;font-weight:600;color:#14444C;}.elementor-55 .elementor-element.elementor-element-5dc242c .jeg-elementor-kit.jkit-product-carousel .jkit-products .jkit-product-block span.onsale{right:8px;top:9px;--jkit-onsale-gap:5px;}.elementor-55 .elementor-element.elementor-element-5dc242c .jeg-elementor-kit.jkit-product-carousel .product .button{font-family:\"Montserrat\", Sans-serif;font-size:14px;font-weight:600;color:#FFFFFF;background-color:#14444C;}.elementor-55 .elementor-element.elementor-element-5dc242c .jeg-elementor-kit.jkit-product-carousel .product .button:hover{color:#14444C;background-color:#9CCCD4;}.elementor-55 .elementor-element.elementor-element-5dc242c .jeg-elementor-kit.jkit-product-carousel .tns-controls button i{font-size:30px;}.elementor-55 .elementor-element.elementor-element-5dc242c .jeg-elementor-kit.jkit-product-carousel .tns-controls button svg{width:30px;}.elementor-55 .elementor-element.elementor-element-5dc242c .jeg-elementor-kit.jkit-product-carousel .tns-controls button[data-controls=prev]{left:-96px;}.elementor-55 .elementor-element.elementor-element-5dc242c .jeg-elementor-kit.jkit-product-carousel .tns-controls button[data-controls=next]{right:-96px;}.elementor-55 .elementor-element.elementor-element-5dc242c .jeg-elementor-kit.jkit-product-carousel .tns-controls button{opacity:100%;}.elementor-55 .elementor-element.elementor-element-5dc242c .jeg-elementor-kit.jkit-product-carousel:hover .tns-controls button{opacity:100%;}.elementor-55 .elementor-element.elementor-element-5dc242c .jeg-elementor-kit.jkit-postblock .jeg_empty_module{text-align:left;}.elementor-55 .elementor-element.elementor-element-4a15368 > .elementor-background-overlay{background-color:#FFFFFF;opacity:1;}.elementor-55 .elementor-element.elementor-element-4a15368{overflow:visible;}@media(max-width:1024px){.elementor-55 .elementor-element.elementor-element-5dc242c .jeg-elementor-kit.jkit-product-carousel .tns-controls button[data-controls=prev]{left:0px;}.elementor-55 .elementor-element.elementor-element-5dc242c .jeg-elementor-kit.jkit-product-carousel .tns-controls button[data-controls=next]{right:0px;}}@media(max-width:767px){.elementor-55 .elementor-element.elementor-element-eae6ff1 .jeg-elementor-kit.jkit-button{text-align:center;}.elementor-55 .elementor-element.elementor-element-4a15368{margin-top:0px;margin-bottom:0px;}.elementor-bc-flex-widget .elementor-55 .elementor-element.elementor-element-0eea6ff.elementor-column .elementor-widget-wrap{align-items:space-between;}.elementor-55 .elementor-element.elementor-element-0eea6ff.elementor-column.elementor-element[data-element_type=\"column\"] > .elementor-widget-wrap.elementor-element-populated{align-content:space-between;align-items:space-between;}.elementor-55 .elementor-element.elementor-element-0eea6ff.elementor-column > .elementor-widget-wrap{justify-content:center;}.elementor-55 .elementor-element.elementor-element-0eea6ff > .elementor-widget-wrap > .elementor-widget:not(.elementor-widget__width-auto):not(.elementor-widget__width-initial):not(:last-child):not(.elementor-absolute){margin-block-end:-10px;}.elementor-55 .elementor-element.elementor-element-0eea6ff > .elementor-element-populated{margin:26px 26px 26px 75px;--e-column-margin-right:26px;--e-column-margin-left:75px;}}@media(min-width:768px){.elementor-55 .elementor-element.elementor-element-4153c82{width:100%;}}@media (min-width: 1025px) {.elementor-element.elementor-element-5dc242c .jeg-elementor-kit.jkit-product-carousel .jkit-products:not(.tns-slider) { display: flex; flex-direction: row; } }@media (min-width: 1025px) {.elementor-element.elementor-element-5dc242c .jeg-elementor-kit.jkit-product-carousel .jkit-products:not(.tns-slider) .jkit-product-block { width: calc(3); padding-right: 24px; } }@media (min-width: 1025px) {.elementor-element.elementor-element-5dc242c .jeg-elementor-kit.jkit-product-carousel .jkit-products:not(.tns-slider) .jkit-product-block:nth-child(n+4) { display: none; } }@media (min-width: 1025px) {.elementor-element.elementor-element-5dc242c .jeg-elementor-kit.jkit-product-carousel .jkit-products:not(.tns-slider):not(:nth-child(3)) { margin-right: 10px; } }@media (min-width: 768px) and (max-width: 1024px) {.elementor-element.elementor-element-5dc242c .jeg-elementor-kit.jkit-product-carousel .jkit-products:not(.tns-slider) { display: flex; flex-direction: row; } }@media (min-width: 768px) and (max-width: 1024px) {.elementor-element.elementor-element-5dc242c .jeg-elementor-kit.jkit-product-carousel .jkit-products:not(.tns-slider) .jkit-product-block { width: calc(3); padding-right: 24px; } }@media (min-width: 768px) and (max-width: 1024px) {.elementor-element.elementor-element-5dc242c .jeg-elementor-kit.jkit-product-carousel .jkit-products:not(.tns-slider) .jkit-product-block:nth-child(n+4) { display: none; } }@media (min-width: 768px) and (max-width: 1024px) {.elementor-element.elementor-element-5dc242c .jeg-elementor-kit.jkit-product-carousel .jkit-products:not(.tns-slider):not(:nth-child(3)) { margin-right: 10px; } }@media (max-width: 767px) {.elementor-element.elementor-element-5dc242c .jeg-elementor-kit.jkit-product-carousel .jkit-products:not(.tns-slider) { display: flex; flex-direction: row; } }@media (max-width: 767px) {.elementor-element.elementor-element-5dc242c .jeg-elementor-kit.jkit-product-carousel .jkit-products:not(.tns-slider) .jkit-product-block { width: calc(1); padding-right: 24px; } }@media (max-width: 767px) {.elementor-element.elementor-element-5dc242c .jeg-elementor-kit.jkit-product-carousel .jkit-products:not(.tns-slider) .jkit-product-block:nth-child(n+2) { display: none; } }@media (max-width: 767px) {.elementor-element.elementor-element-5dc242c .jeg-elementor-kit.jkit-product-carousel .jkit-products:not(.tns-slider):not(:nth-child(1)) { margin-right: 10px; } }<\/style>\t\t<div data-elementor-type=\"wp-page\" data-elementor-id=\"55\" class=\"elementor elementor-55\">\n\t\t\t\t\t\t<section class=\"elementor-section elementor-top-section elementor-element elementor-element-aee3564 elementor-section-boxed elementor-section-height-default elementor-section-height-default\" data-id=\"aee3564\" data-element_type=\"section\" data-e-type=\"section\" id=\"#cart\" data-settings=\"{&quot;ekit_has_onepagescroll_dot&quot;:&quot;yes&quot;}\">\n\t\t\t\t\t\t<div class=\"elementor-container elementor-column-gap-default\">\n\t\t\t\t\t<div class=\"elementor-column elementor-col-50 elementor-top-column elementor-element elementor-element-a627c47\" data-id=\"a627c47\" data-element_type=\"column\" data-e-type=\"column\">\n\t\t\t<div class=\"elementor-widget-wrap elementor-element-populated\">\n\t\t\t\t\t\t<div class=\"elementor-element elementor-element-3a0c0cc elementor-widget elementor-widget-woocommerce-menu-cart\" data-id=\"3a0c0cc\" data-element_type=\"widget\" data-e-type=\"widget\" data-settings=\"{&quot;ekit_we_effect_on&quot;:&quot;none&quot;}\" data-widget_type=\"woocommerce-menu-cart.default\">\n\t\t\t\t<div class=\"elementor-widget-container\">\n\t\t\t\t\t \t\t\t\t<\/div>\n\t\t\t\t<\/div>\n\t\t\t\t\t<\/div>\n\t\t<\/div>\n\t\t\t\t<div class=\"elementor-column elementor-col-50 elementor-top-column elementor-element elementor-element-c0f83db\" data-id=\"c0f83db\" data-element_type=\"column\" data-e-type=\"column\">\n\t\t\t<div class=\"elementor-widget-wrap elementor-element-populated\">\n\t\t\t\t\t\t<div class=\"elementor-element elementor-element-eae6ff1 elementor-widget elementor-widget-jkit_button\" data-id=\"eae6ff1\" data-element_type=\"widget\" data-e-type=\"widget\" data-settings=\"{&quot;ekit_we_effect_on&quot;:&quot;none&quot;}\" data-widget_type=\"jkit_button.default\">\n\t\t\t\t<div class=\"elementor-widget-container\">\n\t\t\t\t\t<div  class=\"jeg-elementor-kit jkit-button  icon-position-before jeg_module___69e16948636e6\" ><a href=\"https:\/\/easebliss.com\/car\" class=\"jkit-button-wrapper hover-gradient\"><span>Ir al carrito<\/span><\/a><\/div>\t\t\t\t<\/div>\n\t\t\t\t<\/div>\n\t\t\t\t\t<\/div>\n\t\t<\/div>\n\t\t\t\t\t<\/div>\n\t\t<\/section>\n\t\t\t\t<section class=\"elementor-section elementor-top-section elementor-element elementor-element-497b34c elementor-section-content-middle elementor-section-boxed elementor-section-height-default elementor-section-height-default\" data-id=\"497b34c\" data-element_type=\"section\" data-e-type=\"section\" data-settings=\"{&quot;ekit_has_onepagescroll_dot&quot;:&quot;yes&quot;}\">\n\t\t\t\t\t\t<div class=\"elementor-container elementor-column-gap-default\">\n\t\t\t\t\t<div class=\"elementor-column elementor-col-100 elementor-top-column elementor-element elementor-element-4153c82\" data-id=\"4153c82\" data-element_type=\"column\" data-e-type=\"column\">\n\t\t\t<div class=\"elementor-widget-wrap elementor-element-populated\">\n\t\t\t\t\t\t<div class=\"elementor-element elementor-element-5dc242c elementor-widget elementor-widget-jkit_product_carousel\" data-id=\"5dc242c\" data-element_type=\"widget\" data-e-type=\"widget\" data-settings=\"{&quot;ekit_we_effect_on&quot;:&quot;none&quot;}\" data-widget_type=\"jkit_product_carousel.default\">\n\t\t\t\t<div class=\"elementor-widget-container\">\n\t\t\t\t\t<div  class=\"jeg-elementor-kit jkit-product-carousel jkit-postblock post-element arrow-middle-edge jeg_module__1_69e1694865f46\"  data-id=\"jeg_module__1_69e1694865f46\" data-settings=\"{&quot;autoplay&quot;:false,&quot;autoplay_speed&quot;:3500,&quot;autoplay_hover_pause&quot;:false,&quot;show_navigation&quot;:false,&quot;navigation_left&quot;:&quot;&quot;,&quot;navigation_right&quot;:&quot;&quot;,&quot;show_dots&quot;:true,&quot;arrow_position&quot;:&quot;bottom&quot;,&quot;responsive&quot;:{&quot;desktop&quot;:{&quot;items&quot;:3,&quot;margin&quot;:24,&quot;breakpoint&quot;:1025},&quot;tablet&quot;:{&quot;items&quot;:3,&quot;margin&quot;:24,&quot;breakpoint&quot;:768},&quot;mobile&quot;:{&quot;items&quot;:1,&quot;margin&quot;:24,&quot;breakpoint&quot;:0}}}\"><div class=\"jkit-block-container\"><div class=\"woocommerce\"><div class=\"products jkit-products\"><div class=\"product jkit-product-block\"><div class=\"jkit-product-block-wrapper\"><a href=\"https:\/\/easebliss.com\/en\/product\/dream-banana\" class=\"jkit-product-link\"><div class=\"jkit-product-image-block\"><img fetchpriority=\"high\" decoding=\"async\" width=\"800\" height=\"800\" src=\"https:\/\/easebliss.com\/wp-content\/uploads\/2023\/09\/Banna-Box-1024x1024.png\" class=\"wp-post-image product-image jkit-product-image\" alt=\"Dream Banana\" srcset=\"https:\/\/easebliss.com\/wp-content\/uploads\/2023\/09\/Banna-Box-1024x1024.png 1024w, https:\/\/easebliss.com\/wp-content\/uploads\/2023\/09\/Banna-Box-300x300.png 300w, https:\/\/easebliss.com\/wp-content\/uploads\/2023\/09\/Banna-Box-150x150.png 150w, https:\/\/easebliss.com\/wp-content\/uploads\/2023\/09\/Banna-Box-768x768.png 768w, https:\/\/easebliss.com\/wp-content\/uploads\/2023\/09\/Banna-Box-12x12.png 12w, https:\/\/easebliss.com\/wp-content\/uploads\/2023\/09\/Banna-Box-600x600.png 600w, https:\/\/easebliss.com\/wp-content\/uploads\/2023\/09\/Banna-Box-100x100.png 100w, https:\/\/easebliss.com\/wp-content\/uploads\/2023\/09\/Banna-Box.png 1080w\" sizes=\"(max-width: 800px) 100vw, 800px\" \/><\/div><div class=\"jkit-product-categories\"><object><a href=\"https:\/\/easebliss.com\/en\/product-category\/almohada\" rel=\"tag\">almohada<\/a><span>, <\/span><a href=\"https:\/\/easebliss.com\/en\/product-category\/banana\" rel=\"tag\">Banana<\/a><\/object><\/div><h2 class=\"product-title\">Dream Banana<\/h2><span class=\"price\"><span class=\"woocommerce-Price-amount amount\"><bdi><span class=\"woocommerce-Price-currencySymbol\">&#36;<\/span>699.00<\/bdi><\/span><\/span><\/a><a href=\"\/en\/wp-json\/wp\/v2\/pages\/55?add-to-cart=1020\" data-quantity=\"1\" class=\"button product_type_simple add_to_cart_button ajax_add_to_cart\" data-product_id=\"1020\" data-product_sku=\"\" aria-label=\"Add to cart: &ldquo;Dream Banana&rdquo;\" rel=\"nofollow\"><i class=\"fas fa-shopping-cart\"><\/i> Add to cart<\/a><\/div><\/div><div class=\"product jkit-product-block\"><div class=\"jkit-product-block-wrapper\"><a href=\"https:\/\/easebliss.com\/en\/product\/seat-cushion\" class=\"jkit-product-link\"><div class=\"jkit-product-image-block\"><img decoding=\"async\" width=\"800\" height=\"800\" src=\"https:\/\/easebliss.com\/wp-content\/uploads\/2023\/09\/SCG02-AMAZON-EASEBLISS-1024x1024.png\" class=\"wp-post-image product-image jkit-product-image\" alt=\"Seat Cushion\" srcset=\"https:\/\/easebliss.com\/wp-content\/uploads\/2023\/09\/SCG02-AMAZON-EASEBLISS-1024x1024.png 1024w, https:\/\/easebliss.com\/wp-content\/uploads\/2023\/09\/SCG02-AMAZON-EASEBLISS-300x300.png 300w, https:\/\/easebliss.com\/wp-content\/uploads\/2023\/09\/SCG02-AMAZON-EASEBLISS-150x150.png 150w, https:\/\/easebliss.com\/wp-content\/uploads\/2023\/09\/SCG02-AMAZON-EASEBLISS-768x768.png 768w, https:\/\/easebliss.com\/wp-content\/uploads\/2023\/09\/SCG02-AMAZON-EASEBLISS-12x12.png 12w, https:\/\/easebliss.com\/wp-content\/uploads\/2023\/09\/SCG02-AMAZON-EASEBLISS-600x600.png 600w, https:\/\/easebliss.com\/wp-content\/uploads\/2023\/09\/SCG02-AMAZON-EASEBLISS-100x100.png 100w, https:\/\/easebliss.com\/wp-content\/uploads\/2023\/09\/SCG02-AMAZON-EASEBLISS.png 1080w\" sizes=\"(max-width: 800px) 100vw, 800px\" \/><\/div><div class=\"jkit-product-categories\"><object><a href=\"https:\/\/easebliss.com\/en\/product-category\/asiento\" rel=\"tag\">asiento<\/a><span>, <\/span><a href=\"https:\/\/easebliss.com\/en\/product-category\/postura\" rel=\"tag\">postura<\/a><\/object><\/div><h2 class=\"product-title\">Seat Cushion<\/h2><span class=\"price\"><span class=\"woocommerce-Price-amount amount\"><bdi><span class=\"woocommerce-Price-currencySymbol\">&#36;<\/span>499.00<\/bdi><\/span><\/span><\/a><a href=\"https:\/\/easebliss.com\/en\/product\/seat-cushion\" data-quantity=\"1\" class=\"button product_type_variable add_to_cart_button \" data-product_id=\"860\" data-product_sku=\"\" aria-label=\"Select options for &ldquo;Seat Cushion&rdquo;\" rel=\"nofollow\"><i class=\"fas fa-shopping-cart\"><\/i> Select options<\/a><\/div><\/div><div class=\"product jkit-product-block\"><div class=\"jkit-product-block-wrapper\"><a href=\"https:\/\/easebliss.com\/en\/product\/baby-nest\" class=\"jkit-product-link\"><div class=\"jkit-product-image-block\"><img decoding=\"async\" width=\"800\" height=\"800\" src=\"https:\/\/easebliss.com\/wp-content\/uploads\/2023\/09\/BNG01-AMAZON-EASEBLISS-1024x1024.png\" class=\"wp-post-image product-image jkit-product-image\" alt=\"Baby Nest\" srcset=\"https:\/\/easebliss.com\/wp-content\/uploads\/2023\/09\/BNG01-AMAZON-EASEBLISS-1024x1024.png 1024w, https:\/\/easebliss.com\/wp-content\/uploads\/2023\/09\/BNG01-AMAZON-EASEBLISS-300x300.png 300w, https:\/\/easebliss.com\/wp-content\/uploads\/2023\/09\/BNG01-AMAZON-EASEBLISS-150x150.png 150w, https:\/\/easebliss.com\/wp-content\/uploads\/2023\/09\/BNG01-AMAZON-EASEBLISS-768x768.png 768w, https:\/\/easebliss.com\/wp-content\/uploads\/2023\/09\/BNG01-AMAZON-EASEBLISS-12x12.png 12w, https:\/\/easebliss.com\/wp-content\/uploads\/2023\/09\/BNG01-AMAZON-EASEBLISS-600x600.png 600w, https:\/\/easebliss.com\/wp-content\/uploads\/2023\/09\/BNG01-AMAZON-EASEBLISS-100x100.png 100w, https:\/\/easebliss.com\/wp-content\/uploads\/2023\/09\/BNG01-AMAZON-EASEBLISS.png 1080w\" sizes=\"(max-width: 800px) 100vw, 800px\" \/><\/div><div class=\"jkit-product-categories\"><object><a href=\"https:\/\/easebliss.com\/en\/product-category\/bebes\" rel=\"tag\">Beb\u00e9s<\/a><span>, <\/span><a href=\"https:\/\/easebliss.com\/en\/product-category\/colecho\" rel=\"tag\">colecho<\/a><\/object><\/div><h2 class=\"product-title\">Baby Nest<\/h2><span class=\"price\"><span class=\"woocommerce-Price-amount amount\"><bdi><span class=\"woocommerce-Price-currencySymbol\">&#36;<\/span>1,699.00<\/bdi><\/span><\/span><\/a><a href=\"\/en\/wp-json\/wp\/v2\/pages\/55?add-to-cart=855\" data-quantity=\"1\" class=\"button product_type_simple add_to_cart_button ajax_add_to_cart\" data-product_id=\"855\" data-product_sku=\"\" aria-label=\"Add to cart: &ldquo;Baby Nest&rdquo;\" rel=\"nofollow\"><i class=\"fas fa-shopping-cart\"><\/i> Add to cart<\/a><\/div><\/div><\/div><\/div><\/div><\/div>\t\t\t\t<\/div>\n\t\t\t\t<\/div>\n\t\t\t\t\t<\/div>\n\t\t<\/div>\n\t\t\t\t\t<\/div>\n\t\t<\/section>\n\t\t\t\t<section class=\"elementor-section elementor-top-section elementor-element elementor-element-4a15368 elementor-hidden-desktop elementor-hidden-tablet elementor-hidden-mobile elementor-section-boxed elementor-section-height-default elementor-section-height-default\" data-id=\"4a15368\" data-element_type=\"section\" data-e-type=\"section\" data-settings=\"{&quot;ekit_has_onepagescroll_dot&quot;:&quot;yes&quot;}\">\n\t\t\t\t\t\t\t<div class=\"elementor-background-overlay\"><\/div>\n\t\t\t\t\t\t\t<div class=\"elementor-container elementor-column-gap-default\">\n\t\t\t\t\t<div class=\"elementor-column elementor-col-100 elementor-top-column elementor-element elementor-element-0eea6ff\" data-id=\"0eea6ff\" data-element_type=\"column\" data-e-type=\"column\">\n\t\t\t<div class=\"elementor-widget-wrap elementor-element-populated\">\n\t\t\t\t\t\t<div class=\"elementor-element elementor-element-b829e43 elementor-widget elementor-widget-woocommerce-products\" data-id=\"b829e43\" data-element_type=\"widget\" data-e-type=\"widget\" data-settings=\"{&quot;ekit_we_effect_on&quot;:&quot;none&quot;}\" data-widget_type=\"woocommerce-products.default\">\n\t\t\t\t<div class=\"elementor-widget-container\">\n\t\t\t\t\t \t\t\t\t<\/div>\n\t\t\t\t<\/div>\n\t\t\t\t\t<\/div>\n\t\t<\/div>\n\t\t\t\t\t<\/div>\n\t\t<\/section>\n\t\t\t\t<\/div>\n\t\t","protected":false},"excerpt":{"rendered":"<p>Ir al carrito almohada, Banana Dream Banana &#36;599.00 A\u00f1adir al carritoasiento, postura Seat Cushion &#36;399.00 Seleccionar opcionesBeb\u00e9s, colecho Baby Nest &#36;1,499.00 A\u00f1adir al carrito<\/p>","protected":false},"author":1,"featured_media":0,"parent":0,"menu_order":0,"comment_status":"closed","ping_status":"closed","template":"elementor_header_footer","meta":{"footnotes":""},"class_list":["post-55","page","type-page","status-publish","hentry"],"_links":{"self":[{"href":"https:\/\/easebliss.com\/en\/wp-json\/wp\/v2\/pages\/55","targetHints":{"allow":["GET"]}}],"collection":[{"href":"https:\/\/easebliss.com\/en\/wp-json\/wp\/v2\/pages"}],"about":[{"href":"https:\/\/easebliss.com\/en\/wp-json\/wp\/v2\/types\/page"}],"author":[{"embeddable":true,"href":"https:\/\/easebliss.com\/en\/wp-json\/wp\/v2\/users\/1"}],"replies":[{"embeddable":true,"href":"https:\/\/easebliss.com\/en\/wp-json\/wp\/v2\/comments?post=55"}],"version-history":[{"count":296,"href":"https:\/\/easebliss.com\/en\/wp-json\/wp\/v2\/pages\/55\/revisions"}],"predecessor-version":[{"id":3092,"href":"https:\/\/easebliss.com\/en\/wp-json\/wp\/v2\/pages\/55\/revisions\/3092"}],"wp:attachment":[{"href":"https:\/\/easebliss.com\/en\/wp-json\/wp\/v2\/media?parent=55"}],"curies":[{"name":"wp","href":"https:\/\/api.w.org\/{rel}","templated":true}]}}