{"id":71,"date":"2023-08-27T23:40:30","date_gmt":"2023-08-27T23:40:30","guid":{"rendered":"http:\/\/easebliss.com\/?page_id=71"},"modified":"2024-04-18T20:24:46","modified_gmt":"2024-04-18T20:24:46","slug":"conocenos","status":"publish","type":"page","link":"https:\/\/easebliss.com\/en\/conocenos","title":{"rendered":"C\u00f3nocenos"},"content":{"rendered":"<style>.elementor-71 .elementor-element.elementor-element-6946f9c{overflow:visible;}.elementor-71 .elementor-element.elementor-element-912a9de{overflow:visible;}.elementor-71 .elementor-element.elementor-element-b2d34d4{--spacer-size:50px;}.elementor-71 .elementor-element.elementor-element-1fc4b76{overflow:visible;}.elementor-71 .elementor-element.elementor-element-3f94b2b{--spacer-size:87px;}.elementor-71 .elementor-element.elementor-element-9ff25ca{overflow:visible;}.elementor-71 .elementor-element.elementor-element-0384c64{--spacer-size:50px;}.elementor-71 .elementor-element.elementor-element-dce70b5{--spacer-size:96px;}.elementor-71 .elementor-element.elementor-element-8acf1f5{overflow:visible;}.elementor-71 .elementor-element.elementor-element-e789206{text-align:center;}.elementor-71 .elementor-element.elementor-element-e789206 .elementor-heading-title{font-family:\"EaseBliss\", Sans-serif;font-size:75px;font-weight:600;letter-spacing:10px;color:#9FCFD5;}.elementor-71 .elementor-element.elementor-element-9a3465d{overflow:visible;}.elementor-71 .elementor-element.elementor-element-e856920{text-align:center;}.elementor-71 .elementor-element.elementor-element-e856920 .elementor-heading-title{font-family:\"Poppins\", Sans-serif;font-size:30px;font-weight:600;color:#575757;}.elementor-71 .elementor-element.elementor-element-897cabf{font-family:\"Poppins\", Sans-serif;font-size:21px;font-weight:400;}.elementor-71 .elementor-element.elementor-element-7c7bd2f{overflow:visible;}@media(max-width:767px){.elementor-71 .elementor-element.elementor-element-e789206 .elementor-heading-title{font-size:42px;letter-spacing:0px;}.elementor-71 .elementor-element.elementor-element-e856920 .elementor-heading-title{font-size:25px;}}<\/style>\t\t<div data-elementor-type=\"wp-page\" data-elementor-id=\"71\" class=\"elementor elementor-71\">\n\t\t\t\t\t\t<section class=\"elementor-section elementor-top-section elementor-element elementor-element-6946f9c elementor-section-boxed elementor-section-height-default elementor-section-height-default\" data-id=\"6946f9c\" data-element_type=\"section\" data-e-type=\"section\" data-settings=\"{&quot;ekit_has_onepagescroll_dot&quot;:&quot;yes&quot;}\">\n\t\t\t\t\t\t<div class=\"elementor-container elementor-column-gap-default\">\n\t\t\t\t\t<div class=\"elementor-column elementor-col-100 elementor-top-column elementor-element elementor-element-599cade\" data-id=\"599cade\" data-element_type=\"column\" data-e-type=\"column\">\n\t\t\t<div class=\"elementor-widget-wrap\">\n\t\t\t\t\t\t\t<\/div>\n\t\t<\/div>\n\t\t\t\t\t<\/div>\n\t\t<\/section>\n\t\t\t\t<section class=\"elementor-section elementor-top-section elementor-element elementor-element-912a9de elementor-hidden-desktop elementor-section-boxed elementor-section-height-default elementor-section-height-default\" data-id=\"912a9de\" data-element_type=\"section\" data-e-type=\"section\" data-settings=\"{&quot;ekit_has_onepagescroll_dot&quot;:&quot;yes&quot;}\">\n\t\t\t\t\t\t<div class=\"elementor-container elementor-column-gap-default\">\n\t\t\t\t\t<div class=\"elementor-column elementor-col-100 elementor-top-column elementor-element elementor-element-c608345\" data-id=\"c608345\" data-element_type=\"column\" data-e-type=\"column\">\n\t\t\t<div class=\"elementor-widget-wrap elementor-element-populated\">\n\t\t\t\t\t\t<div class=\"elementor-element elementor-element-b2d34d4 elementor-widget elementor-widget-spacer\" data-id=\"b2d34d4\" data-element_type=\"widget\" data-e-type=\"widget\" data-settings=\"{&quot;ekit_we_effect_on&quot;:&quot;none&quot;}\" data-widget_type=\"spacer.default\">\n\t\t\t\t<div class=\"elementor-widget-container\">\n\t\t\t\t\t\t\t<div class=\"elementor-spacer\">\n\t\t\t<div class=\"elementor-spacer-inner\"><\/div>\n\t\t<\/div>\n\t\t\t\t\t\t<\/div>\n\t\t\t\t<\/div>\n\t\t\t\t\t<\/div>\n\t\t<\/div>\n\t\t\t\t\t<\/div>\n\t\t<\/section>\n\t\t\t\t<section class=\"elementor-section elementor-top-section elementor-element elementor-element-1fc4b76 elementor-section-boxed elementor-section-height-default elementor-section-height-default\" data-id=\"1fc4b76\" data-element_type=\"section\" data-e-type=\"section\" data-settings=\"{&quot;ekit_has_onepagescroll_dot&quot;:&quot;yes&quot;}\">\n\t\t\t\t\t\t<div class=\"elementor-container elementor-column-gap-default\">\n\t\t\t\t\t<div class=\"elementor-column elementor-col-100 elementor-top-column elementor-element elementor-element-3889357\" data-id=\"3889357\" data-element_type=\"column\" data-e-type=\"column\">\n\t\t\t<div class=\"elementor-widget-wrap elementor-element-populated\">\n\t\t\t\t\t\t<div class=\"elementor-element elementor-element-3f94b2b elementor-widget elementor-widget-spacer\" data-id=\"3f94b2b\" data-element_type=\"widget\" data-e-type=\"widget\" data-settings=\"{&quot;ekit_we_effect_on&quot;:&quot;none&quot;}\" data-widget_type=\"spacer.default\">\n\t\t\t\t<div class=\"elementor-widget-container\">\n\t\t\t\t\t\t\t<div class=\"elementor-spacer\">\n\t\t\t<div class=\"elementor-spacer-inner\"><\/div>\n\t\t<\/div>\n\t\t\t\t\t\t<\/div>\n\t\t\t\t<\/div>\n\t\t\t\t\t<\/div>\n\t\t<\/div>\n\t\t\t\t\t<\/div>\n\t\t<\/section>\n\t\t\t\t<section class=\"elementor-section elementor-top-section elementor-element elementor-element-9ff25ca elementor-hidden-desktop elementor-section-boxed elementor-section-height-default elementor-section-height-default\" data-id=\"9ff25ca\" data-element_type=\"section\" data-e-type=\"section\" data-settings=\"{&quot;ekit_has_onepagescroll_dot&quot;:&quot;yes&quot;}\">\n\t\t\t\t\t\t<div class=\"elementor-container elementor-column-gap-default\">\n\t\t\t\t\t<div class=\"elementor-column elementor-col-100 elementor-top-column elementor-element elementor-element-186b88a\" data-id=\"186b88a\" data-element_type=\"column\" data-e-type=\"column\">\n\t\t\t<div class=\"elementor-widget-wrap elementor-element-populated\">\n\t\t\t\t\t\t<div class=\"elementor-element elementor-element-0384c64 elementor-widget elementor-widget-spacer\" data-id=\"0384c64\" data-element_type=\"widget\" data-e-type=\"widget\" data-settings=\"{&quot;ekit_we_effect_on&quot;:&quot;none&quot;}\" data-widget_type=\"spacer.default\">\n\t\t\t\t<div class=\"elementor-widget-container\">\n\t\t\t\t\t\t\t<div class=\"elementor-spacer\">\n\t\t\t<div class=\"elementor-spacer-inner\"><\/div>\n\t\t<\/div>\n\t\t\t\t\t\t<\/div>\n\t\t\t\t<\/div>\n\t\t\t\t<div class=\"elementor-element elementor-element-dce70b5 elementor-widget elementor-widget-spacer\" data-id=\"dce70b5\" data-element_type=\"widget\" data-e-type=\"widget\" data-settings=\"{&quot;ekit_we_effect_on&quot;:&quot;none&quot;}\" data-widget_type=\"spacer.default\">\n\t\t\t\t<div class=\"elementor-widget-container\">\n\t\t\t\t\t\t\t<div class=\"elementor-spacer\">\n\t\t\t<div class=\"elementor-spacer-inner\"><\/div>\n\t\t<\/div>\n\t\t\t\t\t\t<\/div>\n\t\t\t\t<\/div>\n\t\t\t\t\t<\/div>\n\t\t<\/div>\n\t\t\t\t\t<\/div>\n\t\t<\/section>\n\t\t\t\t<section class=\"elementor-section elementor-top-section elementor-element elementor-element-8acf1f5 elementor-section-boxed elementor-section-height-default elementor-section-height-default\" data-id=\"8acf1f5\" data-element_type=\"section\" data-e-type=\"section\" data-settings=\"{&quot;ekit_has_onepagescroll_dot&quot;:&quot;yes&quot;}\">\n\t\t\t\t\t\t<div class=\"elementor-container elementor-column-gap-default\">\n\t\t\t\t\t<div class=\"elementor-column elementor-col-100 elementor-top-column elementor-element elementor-element-72f44c6\" data-id=\"72f44c6\" data-element_type=\"column\" data-e-type=\"column\">\n\t\t\t<div class=\"elementor-widget-wrap elementor-element-populated\">\n\t\t\t\t\t\t<div class=\"elementor-element elementor-element-e789206 elementor-widget elementor-widget-heading\" data-id=\"e789206\" data-element_type=\"widget\" data-e-type=\"widget\" data-settings=\"{&quot;ekit_we_effect_on&quot;:&quot;none&quot;}\" data-widget_type=\"heading.default\">\n\t\t\t\t<div class=\"elementor-widget-container\">\n\t\t\t\t\t<h2 class=\"elementor-heading-title elementor-size-default\">CON\u00d3CENOS<\/h2>\t\t\t\t<\/div>\n\t\t\t\t<\/div>\n\t\t\t\t\t<\/div>\n\t\t<\/div>\n\t\t\t\t\t<\/div>\n\t\t<\/section>\n\t\t\t\t<section class=\"elementor-section elementor-top-section elementor-element elementor-element-9a3465d elementor-section-boxed elementor-section-height-default elementor-section-height-default\" data-id=\"9a3465d\" data-element_type=\"section\" data-e-type=\"section\" data-settings=\"{&quot;ekit_has_onepagescroll_dot&quot;:&quot;yes&quot;}\">\n\t\t\t\t\t\t<div class=\"elementor-container elementor-column-gap-default\">\n\t\t\t\t\t<div class=\"elementor-column elementor-col-100 elementor-top-column elementor-element elementor-element-b2d8fbb\" data-id=\"b2d8fbb\" data-element_type=\"column\" data-e-type=\"column\">\n\t\t\t<div class=\"elementor-widget-wrap elementor-element-populated\">\n\t\t\t\t\t\t<div class=\"elementor-element elementor-element-e856920 elementor-widget elementor-widget-heading\" data-id=\"e856920\" data-element_type=\"widget\" data-e-type=\"widget\" data-settings=\"{&quot;ekit_we_effect_on&quot;:&quot;none&quot;}\" data-widget_type=\"heading.default\">\n\t\t\t\t<div class=\"elementor-widget-container\">\n\t\t\t\t\t<h2 class=\"elementor-heading-title elementor-size-default\">Facilitamos el bienestar a trav\u00e9s de la ergonom\u00eda<\/h2>\t\t\t\t<\/div>\n\t\t\t\t<\/div>\n\t\t\t\t<div class=\"elementor-element elementor-element-897cabf elementor-widget elementor-widget-text-editor\" data-id=\"897cabf\" data-element_type=\"widget\" data-e-type=\"widget\" data-settings=\"{&quot;ekit_we_effect_on&quot;:&quot;none&quot;}\" data-widget_type=\"text-editor.default\">\n\t\t\t\t<div class=\"elementor-widget-container\">\n\t\t\t\t\t\t\t\t\t<p style=\"font-weight: 400;\"><strong>EaseBliss<\/strong> naci\u00f3 con la misi\u00f3n de ofrecer una gama de productos ergon\u00f3micos de alta calidad a personas y empresas que buscan mejorar su salud, comodidad y productividad.<\/p><p style=\"font-weight: 400;\">Nuestro equipo est\u00e1 <strong>dedicado<\/strong> y <strong>apasionado<\/strong> por la <strong>ergonom\u00eda<\/strong> y el <strong>bienestar<\/strong>.<\/p><p style=\"font-weight: 400;\"><strong>Comprendemos<\/strong> que cada persona y empresa tiene necesidades \u00fanicas, y es por eso que trabajamos incansablemente para encontrar soluciones personalizadas que se adapten perfectamente a lo que necesitas.<\/p><p style=\"font-weight: 400;\">Nos <strong>apasiona<\/strong> ser parte de tu viaje hacia un bienestar \u00f3ptimo, y estamos aqu\u00ed para brindarte el mejor servicio y atenci\u00f3n al cliente. \u00a1Conoce m\u00e1s sobre nosotros y descubre c\u00f3mo podemos mejorar tu vida a trav\u00e9s de la ergonom\u00eda y el bienestar en <strong>EaseBliss<\/strong>!<\/p>\t\t\t\t\t\t\t\t<\/div>\n\t\t\t\t<\/div>\n\t\t\t\t\t<\/div>\n\t\t<\/div>\n\t\t\t\t\t<\/div>\n\t\t<\/section>\n\t\t\t\t<section class=\"elementor-section elementor-top-section elementor-element elementor-element-7c7bd2f elementor-section-full_width elementor-section-height-default elementor-section-height-default\" data-id=\"7c7bd2f\" data-element_type=\"section\" data-e-type=\"section\" data-settings=\"{&quot;ekit_has_onepagescroll_dot&quot;:&quot;yes&quot;}\">\n\t\t\t\t\t\t<div class=\"elementor-container elementor-column-gap-default\">\n\t\t\t\t\t<div class=\"elementor-column elementor-col-100 elementor-top-column elementor-element elementor-element-7e1dcf9\" data-id=\"7e1dcf9\" data-element_type=\"column\" data-e-type=\"column\">\n\t\t\t<div class=\"elementor-widget-wrap elementor-element-populated\">\n\t\t\t\t\t\t<div class=\"elementor-element elementor-element-cc3ffa3 elementor-widget elementor-widget-media-carousel\" data-id=\"cc3ffa3\" data-element_type=\"widget\" data-e-type=\"widget\" data-settings=\"{&quot;ekit_we_effect_on&quot;:&quot;none&quot;}\" data-widget_type=\"media-carousel.default\">\n\t\t\t\t<div class=\"elementor-widget-container\">\n\t\t\t\t\t \t\t\t\t<\/div>\n\t\t\t\t<\/div>\n\t\t\t\t\t<\/div>\n\t\t<\/div>\n\t\t\t\t\t<\/div>\n\t\t<\/section>\n\t\t\t\t<\/div>","protected":false},"excerpt":{"rendered":"<p>CON\u00d3CENOS Facilitamos el bienestar a trav\u00e9s de la ergonom\u00eda EaseBliss naci\u00f3 con la misi\u00f3n de ofrecer una gama de productos ergon\u00f3micos de alta calidad a personas y empresas que buscan mejorar su salud, comodidad y productividad. Nuestro equipo est\u00e1 dedicado y apasionado por la ergonom\u00eda y el bienestar. Comprendemos que cada persona y empresa tiene [&hellip;]<\/p>\n","protected":false},"author":1,"featured_media":0,"parent":0,"menu_order":0,"comment_status":"closed","ping_status":"closed","template":"templates\/page-fullwidth_template.php","meta":{"footnotes":""},"class_list":["post-71","page","type-page","status-publish","hentry"],"_links":{"self":[{"href":"https:\/\/easebliss.com\/en\/wp-json\/wp\/v2\/pages\/71","targetHints":{"allow":["GET"]}}],"collection":[{"href":"https:\/\/easebliss.com\/en\/wp-json\/wp\/v2\/pages"}],"about":[{"href":"https:\/\/easebliss.com\/en\/wp-json\/wp\/v2\/types\/page"}],"author":[{"embeddable":true,"href":"https:\/\/easebliss.com\/en\/wp-json\/wp\/v2\/users\/1"}],"replies":[{"embeddable":true,"href":"https:\/\/easebliss.com\/en\/wp-json\/wp\/v2\/comments?post=71"}],"version-history":[{"count":50,"href":"https:\/\/easebliss.com\/en\/wp-json\/wp\/v2\/pages\/71\/revisions"}],"predecessor-version":[{"id":2645,"href":"https:\/\/easebliss.com\/en\/wp-json\/wp\/v2\/pages\/71\/revisions\/2645"}],"wp:attachment":[{"href":"https:\/\/easebliss.com\/en\/wp-json\/wp\/v2\/media?parent=71"}],"curies":[{"name":"wp","href":"https:\/\/api.w.org\/{rel}","templated":true}]}}