{"id":73,"date":"2023-08-27T23:40:42","date_gmt":"2023-08-27T23:40:42","guid":{"rendered":"http:\/\/easebliss.com\/?page_id=73"},"modified":"2024-04-18T04:55:00","modified_gmt":"2024-04-18T04:55:00","slug":"nuestra-filosofia","status":"publish","type":"page","link":"https:\/\/easebliss.com\/en\/nuestra-filosofia","title":{"rendered":"Nuestra Filosof\u00eda"},"content":{"rendered":"<style>.elementor-73 .elementor-element.elementor-element-86e39af{overflow:visible;}.elementor-73 .elementor-element.elementor-element-216c29f{--spacer-size:50px;}.elementor-73 .elementor-element.elementor-element-3bc26df{overflow:visible;}.elementor-73 .elementor-element.elementor-element-37767a7{--spacer-size:50px;}.elementor-73 .elementor-element.elementor-element-e2eee8b{overflow:visible;}.elementor-73 .elementor-element.elementor-element-67bccba{--spacer-size:50px;}.elementor-73 .elementor-element.elementor-element-fb1ace1{overflow:visible;}.elementor-73 .elementor-element.elementor-element-dc25bd0{text-align:center;}.elementor-73 .elementor-element.elementor-element-dc25bd0 .elementor-heading-title{font-family:\"EaseBliss\", Sans-serif;font-size:38px;font-weight:600;color:#9FCFD5;}.elementor-73 .elementor-element.elementor-element-f78c5d5{font-family:\"Poppins\", Sans-serif;font-size:21px;font-weight:400;}.elementor-73 .elementor-element.elementor-element-e3a7560{text-align:center;}.elementor-73 .elementor-element.elementor-element-e3a7560 .elementor-heading-title{font-family:\"EaseBliss\", Sans-serif;font-size:38px;font-weight:600;color:#9FCFD5;}.elementor-73 .elementor-element.elementor-element-e822ad5{font-family:\"Poppins\", Sans-serif;font-size:21px;font-weight:400;}.elementor-73 .elementor-element.elementor-element-d121c04{--spacer-size:50px;}.elementor-73 .elementor-element.elementor-element-559773d{font-family:\"Poppins\", Sans-serif;font-size:18px;font-weight:400;}.elementor-73 .elementor-element.elementor-element-205215c{overflow:visible;}.elementor-73 .elementor-element.elementor-element-749d961{overflow:visible;}<\/style>\t\t<div data-elementor-type=\"wp-page\" data-elementor-id=\"73\" class=\"elementor elementor-73\">\n\t\t\t\t\t\t<section class=\"elementor-section elementor-top-section elementor-element elementor-element-86e39af elementor-section-boxed elementor-section-height-default elementor-section-height-default\" data-id=\"86e39af\" data-element_type=\"section\" data-e-type=\"section\" data-settings=\"{&quot;ekit_has_onepagescroll_dot&quot;:&quot;yes&quot;}\">\n\t\t\t\t\t\t<div class=\"elementor-container elementor-column-gap-default\">\n\t\t\t\t\t<div class=\"elementor-column elementor-col-100 elementor-top-column elementor-element elementor-element-b19bf06\" data-id=\"b19bf06\" data-element_type=\"column\" data-e-type=\"column\">\n\t\t\t<div class=\"elementor-widget-wrap elementor-element-populated\">\n\t\t\t\t\t\t<div class=\"elementor-element elementor-element-216c29f elementor-widget elementor-widget-spacer\" data-id=\"216c29f\" data-element_type=\"widget\" data-e-type=\"widget\" data-settings=\"{&quot;ekit_we_effect_on&quot;:&quot;none&quot;}\" data-widget_type=\"spacer.default\">\n\t\t\t\t<div class=\"elementor-widget-container\">\n\t\t\t\t\t\t\t<div class=\"elementor-spacer\">\n\t\t\t<div class=\"elementor-spacer-inner\"><\/div>\n\t\t<\/div>\n\t\t\t\t\t\t<\/div>\n\t\t\t\t<\/div>\n\t\t\t\t\t<\/div>\n\t\t<\/div>\n\t\t\t\t\t<\/div>\n\t\t<\/section>\n\t\t\t\t<section class=\"elementor-section elementor-top-section elementor-element elementor-element-3bc26df elementor-section-boxed elementor-section-height-default elementor-section-height-default\" data-id=\"3bc26df\" data-element_type=\"section\" data-e-type=\"section\" data-settings=\"{&quot;ekit_has_onepagescroll_dot&quot;:&quot;yes&quot;}\">\n\t\t\t\t\t\t<div class=\"elementor-container elementor-column-gap-default\">\n\t\t\t\t\t<div class=\"elementor-column elementor-col-100 elementor-top-column elementor-element elementor-element-90e6334\" data-id=\"90e6334\" data-element_type=\"column\" data-e-type=\"column\">\n\t\t\t<div class=\"elementor-widget-wrap elementor-element-populated\">\n\t\t\t\t\t\t<div class=\"elementor-element elementor-element-37767a7 elementor-widget elementor-widget-spacer\" data-id=\"37767a7\" data-element_type=\"widget\" data-e-type=\"widget\" data-settings=\"{&quot;ekit_we_effect_on&quot;:&quot;none&quot;}\" data-widget_type=\"spacer.default\">\n\t\t\t\t<div class=\"elementor-widget-container\">\n\t\t\t\t\t\t\t<div class=\"elementor-spacer\">\n\t\t\t<div class=\"elementor-spacer-inner\"><\/div>\n\t\t<\/div>\n\t\t\t\t\t\t<\/div>\n\t\t\t\t<\/div>\n\t\t\t\t\t<\/div>\n\t\t<\/div>\n\t\t\t\t\t<\/div>\n\t\t<\/section>\n\t\t\t\t<section class=\"elementor-section elementor-top-section elementor-element elementor-element-e2eee8b elementor-section-boxed elementor-section-height-default elementor-section-height-default\" data-id=\"e2eee8b\" data-element_type=\"section\" data-e-type=\"section\" data-settings=\"{&quot;ekit_has_onepagescroll_dot&quot;:&quot;yes&quot;}\">\n\t\t\t\t\t\t<div class=\"elementor-container elementor-column-gap-default\">\n\t\t\t\t\t<div class=\"elementor-column elementor-col-100 elementor-top-column elementor-element elementor-element-1b0104c\" data-id=\"1b0104c\" data-element_type=\"column\" data-e-type=\"column\">\n\t\t\t<div class=\"elementor-widget-wrap elementor-element-populated\">\n\t\t\t\t\t\t<div class=\"elementor-element elementor-element-67bccba elementor-widget elementor-widget-spacer\" data-id=\"67bccba\" data-element_type=\"widget\" data-e-type=\"widget\" data-settings=\"{&quot;ekit_we_effect_on&quot;:&quot;none&quot;}\" data-widget_type=\"spacer.default\">\n\t\t\t\t<div class=\"elementor-widget-container\">\n\t\t\t\t\t\t\t<div class=\"elementor-spacer\">\n\t\t\t<div class=\"elementor-spacer-inner\"><\/div>\n\t\t<\/div>\n\t\t\t\t\t\t<\/div>\n\t\t\t\t<\/div>\n\t\t\t\t\t<\/div>\n\t\t<\/div>\n\t\t\t\t\t<\/div>\n\t\t<\/section>\n\t\t\t\t<section class=\"elementor-section elementor-top-section elementor-element elementor-element-fb1ace1 elementor-section-boxed elementor-section-height-default elementor-section-height-default\" data-id=\"fb1ace1\" data-element_type=\"section\" data-e-type=\"section\" data-settings=\"{&quot;ekit_has_onepagescroll_dot&quot;:&quot;yes&quot;}\">\n\t\t\t\t\t\t<div class=\"elementor-container elementor-column-gap-wider\">\n\t\t\t\t\t<div class=\"elementor-column elementor-col-50 elementor-top-column elementor-element elementor-element-563cdcd\" data-id=\"563cdcd\" data-element_type=\"column\" data-e-type=\"column\">\n\t\t\t<div class=\"elementor-widget-wrap elementor-element-populated\">\n\t\t\t\t\t\t<div class=\"elementor-element elementor-element-dc25bd0 elementor-widget elementor-widget-heading\" data-id=\"dc25bd0\" data-element_type=\"widget\" data-e-type=\"widget\" data-settings=\"{&quot;ekit_we_effect_on&quot;:&quot;none&quot;}\" data-widget_type=\"heading.default\">\n\t\t\t\t<div class=\"elementor-widget-container\">\n\t\t\t\t\t<h2 class=\"elementor-heading-title elementor-size-default\">NUESTRA FILOSOF\u00cdA<\/h2>\t\t\t\t<\/div>\n\t\t\t\t<\/div>\n\t\t\t\t<div class=\"elementor-element elementor-element-f78c5d5 elementor-widget elementor-widget-text-editor\" data-id=\"f78c5d5\" data-element_type=\"widget\" data-e-type=\"widget\" data-settings=\"{&quot;ekit_we_effect_on&quot;:&quot;none&quot;}\" data-widget_type=\"text-editor.default\">\n\t\t\t\t<div class=\"elementor-widget-container\">\n\t\t\t\t\t\t\t\t\t<p>Creemos que un <strong>entorno ergon\u00f3mico<\/strong> puede <strong>cambiar vidas<\/strong>. La comodidad y la postura correcta en el trabajo o en casa no solo pueden prevenir lesiones a largo plazo, sino que tambi\u00e9n pueden aumentar la productividad y el bienestar general.<\/p><p><strong>Esa es la experiencia que deseamos proporcionar a nuestros clientes a trav\u00e9s de nuestros productos.<\/strong><\/p>\t\t\t\t\t\t\t\t<\/div>\n\t\t\t\t<\/div>\n\t\t\t\t<div class=\"elementor-element elementor-element-a890273 elementor-widget elementor-widget-image\" data-id=\"a890273\" data-element_type=\"widget\" data-e-type=\"widget\" data-settings=\"{&quot;ekit_we_effect_on&quot;:&quot;none&quot;}\" data-widget_type=\"image.default\">\n\t\t\t\t<div class=\"elementor-widget-container\">\n\t\t\t\t\t\t\t\t\t\t\t\t\t\t\t<img fetchpriority=\"high\" decoding=\"async\" width=\"800\" height=\"800\" src=\"https:\/\/easebliss.com\/wp-content\/uploads\/2023\/08\/PRODUCTO-DESTACADO2-1024x1024.png\" class=\"attachment-large size-large wp-image-607\" alt=\"\" srcset=\"https:\/\/easebliss.com\/wp-content\/uploads\/2023\/08\/PRODUCTO-DESTACADO2-1024x1024.png 1024w, https:\/\/easebliss.com\/wp-content\/uploads\/2023\/08\/PRODUCTO-DESTACADO2-300x300.png 300w, https:\/\/easebliss.com\/wp-content\/uploads\/2023\/08\/PRODUCTO-DESTACADO2-100x100.png 100w, https:\/\/easebliss.com\/wp-content\/uploads\/2023\/08\/PRODUCTO-DESTACADO2-600x600.png 600w, https:\/\/easebliss.com\/wp-content\/uploads\/2023\/08\/PRODUCTO-DESTACADO2-150x150.png 150w, https:\/\/easebliss.com\/wp-content\/uploads\/2023\/08\/PRODUCTO-DESTACADO2-768x768.png 768w, https:\/\/easebliss.com\/wp-content\/uploads\/2023\/08\/PRODUCTO-DESTACADO2-1536x1536.png 1536w, https:\/\/easebliss.com\/wp-content\/uploads\/2023\/08\/PRODUCTO-DESTACADO2.png 1800w\" sizes=\"(max-width: 800px) 100vw, 800px\" \/>\t\t\t\t\t\t\t\t\t\t\t\t\t\t\t<\/div>\n\t\t\t\t<\/div>\n\t\t\t\t\t<\/div>\n\t\t<\/div>\n\t\t\t\t<div class=\"elementor-column elementor-col-50 elementor-top-column elementor-element elementor-element-ec13cb0\" data-id=\"ec13cb0\" data-element_type=\"column\" data-e-type=\"column\">\n\t\t\t<div class=\"elementor-widget-wrap elementor-element-populated\">\n\t\t\t\t\t\t<div class=\"elementor-element elementor-element-e3a7560 elementor-widget elementor-widget-heading\" data-id=\"e3a7560\" data-element_type=\"widget\" data-e-type=\"widget\" data-settings=\"{&quot;ekit_we_effect_on&quot;:&quot;none&quot;}\" data-widget_type=\"heading.default\">\n\t\t\t\t<div class=\"elementor-widget-container\">\n\t\t\t\t\t<h2 class=\"elementor-heading-title elementor-size-default\">NUESTROS VALORES<\/h2>\t\t\t\t<\/div>\n\t\t\t\t<\/div>\n\t\t\t\t<div class=\"elementor-element elementor-element-e822ad5 elementor-widget elementor-widget-text-editor\" data-id=\"e822ad5\" data-element_type=\"widget\" data-e-type=\"widget\" data-settings=\"{&quot;ekit_we_effect_on&quot;:&quot;none&quot;}\" data-widget_type=\"text-editor.default\">\n\t\t\t\t<div class=\"elementor-widget-container\">\n\t\t\t\t\t\t\t\t\t<p style=\"font-weight: 400;\">En <strong>EaseBliss<\/strong>, nuestros valores definen qui\u00e9nes somos y lo que representamos. Son la base de todo lo que hacemos y gu\u00edan nuestra b\u00fasqueda constante de proporcionar la mejor experiencia para nuestros clientes.<\/p>\t\t\t\t\t\t\t\t<\/div>\n\t\t\t\t<\/div>\n\t\t\t\t<div class=\"elementor-element elementor-element-d121c04 elementor-widget elementor-widget-spacer\" data-id=\"d121c04\" data-element_type=\"widget\" data-e-type=\"widget\" data-settings=\"{&quot;ekit_we_effect_on&quot;:&quot;none&quot;}\" data-widget_type=\"spacer.default\">\n\t\t\t\t<div class=\"elementor-widget-container\">\n\t\t\t\t\t\t\t<div class=\"elementor-spacer\">\n\t\t\t<div class=\"elementor-spacer-inner\"><\/div>\n\t\t<\/div>\n\t\t\t\t\t\t<\/div>\n\t\t\t\t<\/div>\n\t\t\t\t<div class=\"elementor-element elementor-element-559773d elementor-widget elementor-widget-text-editor\" data-id=\"559773d\" data-element_type=\"widget\" data-e-type=\"widget\" data-settings=\"{&quot;ekit_we_effect_on&quot;:&quot;none&quot;}\" data-widget_type=\"text-editor.default\">\n\t\t\t\t<div class=\"elementor-widget-container\">\n\t\t\t\t\t\t\t\t\t<p><strong>Calidad<\/strong>: Nos esforzamos por proporcionar solo productos de la m\u00e1s alta calidad, seleccionados cuidadosamente por nuestro equipo.<\/p><p><strong>Compromiso con el cliente:<\/strong> Tu satisfacci\u00f3n es nuestra prioridad. Nos esforzamos por ofrecer una experiencia al cliente excepcional en cada interacci\u00f3n.<\/p><p><strong>Integridad:<\/strong> Nos relacionamos con nuestros clientes y socios comerciales de manera honesta y transparente.<\/p><p><strong>Innovaci\u00f3n:<\/strong> Estamos en constante b\u00fasqueda de los productos m\u00e1s innovadores y eficientes.<\/p>\t\t\t\t\t\t\t\t<\/div>\n\t\t\t\t<\/div>\n\t\t\t\t\t<\/div>\n\t\t<\/div>\n\t\t\t\t\t<\/div>\n\t\t<\/section>\n\t\t\t\t<section class=\"elementor-section elementor-top-section elementor-element elementor-element-205215c elementor-section-boxed elementor-section-height-default elementor-section-height-default\" data-id=\"205215c\" data-element_type=\"section\" data-e-type=\"section\" data-settings=\"{&quot;ekit_has_onepagescroll_dot&quot;:&quot;yes&quot;}\">\n\t\t\t\t\t\t<div class=\"elementor-container elementor-column-gap-default\">\n\t\t\t\t\t<div class=\"elementor-column elementor-col-100 elementor-top-column elementor-element elementor-element-249e6a8\" data-id=\"249e6a8\" data-element_type=\"column\" data-e-type=\"column\">\n\t\t\t<div class=\"elementor-widget-wrap elementor-element-populated\">\n\t\t\t\t\t\t<section class=\"elementor-section elementor-inner-section elementor-element elementor-element-749d961 elementor-section-boxed elementor-section-height-default elementor-section-height-default\" data-id=\"749d961\" data-element_type=\"section\" data-e-type=\"section\" data-settings=\"{&quot;ekit_has_onepagescroll_dot&quot;:&quot;yes&quot;}\">\n\t\t\t\t\t\t<div class=\"elementor-container elementor-column-gap-default\">\n\t\t\t\t\t<div class=\"elementor-column elementor-col-50 elementor-inner-column elementor-element elementor-element-0ccac4c\" data-id=\"0ccac4c\" data-element_type=\"column\" data-e-type=\"column\">\n\t\t\t<div class=\"elementor-widget-wrap\">\n\t\t\t\t\t\t\t<\/div>\n\t\t<\/div>\n\t\t\t\t<div class=\"elementor-column elementor-col-50 elementor-inner-column elementor-element elementor-element-0ba7589\" data-id=\"0ba7589\" data-element_type=\"column\" data-e-type=\"column\">\n\t\t\t<div class=\"elementor-widget-wrap\">\n\t\t\t\t\t\t\t<\/div>\n\t\t<\/div>\n\t\t\t\t\t<\/div>\n\t\t<\/section>\n\t\t\t\t\t<\/div>\n\t\t<\/div>\n\t\t\t\t\t<\/div>\n\t\t<\/section>\n\t\t\t\t<\/div>","protected":false},"excerpt":{"rendered":"<p>NUESTRA FILOSOF\u00cdA Creemos que un entorno ergon\u00f3mico puede cambiar vidas. La comodidad y la postura correcta en el trabajo o en casa no solo pueden prevenir lesiones a largo plazo, sino que tambi\u00e9n pueden aumentar la productividad y el bienestar general. Esa es la experiencia que deseamos proporcionar a nuestros clientes a trav\u00e9s de nuestros [&hellip;]<\/p>\n","protected":false},"author":1,"featured_media":0,"parent":0,"menu_order":0,"comment_status":"closed","ping_status":"closed","template":"templates\/page-fullwidth_template.php","meta":{"footnotes":""},"class_list":["post-73","page","type-page","status-publish","hentry"],"_links":{"self":[{"href":"https:\/\/easebliss.com\/en\/wp-json\/wp\/v2\/pages\/73","targetHints":{"allow":["GET"]}}],"collection":[{"href":"https:\/\/easebliss.com\/en\/wp-json\/wp\/v2\/pages"}],"about":[{"href":"https:\/\/easebliss.com\/en\/wp-json\/wp\/v2\/types\/page"}],"author":[{"embeddable":true,"href":"https:\/\/easebliss.com\/en\/wp-json\/wp\/v2\/users\/1"}],"replies":[{"embeddable":true,"href":"https:\/\/easebliss.com\/en\/wp-json\/wp\/v2\/comments?post=73"}],"version-history":[{"count":26,"href":"https:\/\/easebliss.com\/en\/wp-json\/wp\/v2\/pages\/73\/revisions"}],"predecessor-version":[{"id":2695,"href":"https:\/\/easebliss.com\/en\/wp-json\/wp\/v2\/pages\/73\/revisions\/2695"}],"wp:attachment":[{"href":"https:\/\/easebliss.com\/en\/wp-json\/wp\/v2\/media?parent=73"}],"curies":[{"name":"wp","href":"https:\/\/api.w.org\/{rel}","templated":true}]}}