{"id":860,"date":"2023-09-18T20:18:01","date_gmt":"2023-09-18T20:18:01","guid":{"rendered":"http:\/\/easebliss.com\/?post_type=product&#038;p=860"},"modified":"2026-02-06T04:26:32","modified_gmt":"2026-02-06T04:26:32","slug":"seat-cushion","status":"publish","type":"product","link":"https:\/\/easebliss.com\/en\/product\/seat-cushion","title":{"rendered":"Seat Cushion"},"content":{"rendered":"<p><span class=\"a-list-item\"><strong>Alivio y Confort:<\/strong> Ideal para reducir el dolor lumbar, ci\u00e1tica y mejorar la postura<\/span><\/p>\n<p><span class=\"a-list-item\"><strong>Dise\u00f1o Ergon\u00f3mico Inteligente:<\/strong> Su contorno especializado reduce la presi\u00f3n en el \u00e1rea perineal, mejorando la circulaci\u00f3n sangu\u00ednea y brindando soporte crucial al c\u00f3ccix<\/span><\/p>\n<p><span class=\"a-list-item\"><strong>Dimensiones \u00d3ptimas:<\/strong> Adecuado para la mayor\u00eda de las sillas, proporciona un soporte amplio y c\u00f3modo<\/span><\/p>\n<p><span class=\"a-list-item\"><strong>Ligero y Port\u00e1til:<\/strong> Su peso facilita su transporte, permitiendo su uso en diversos entornos<\/span><\/p>\n<p><span class=\"a-list-item\"><strong>Construcci\u00f3n de Calidad:<\/strong> Hecho con una cubierta de malla transpirable y un n\u00facleo de espuma de memoria y gel, este coj\u00edn asegura comodidad y una durabilidad prolongada<\/span><\/p>\n<p><span class=\"a-list-item\"><strong>Detalles Funcionales Adicionales:<\/strong> Equipado con una base antiderrapante para mantenerlo en su lugar y un zipper oculto para evitar el contacto con el cuerpo<\/span><\/p>\n<p><span class=\"a-list-item\"><strong>Versatilidad de Uso:<\/strong> Adecuado para uso en la oficina, el hogar, durante viajes, y m\u00e1s<\/span><\/p>\n<p><span class=\"a-list-item\"><strong>F\u00e1cil de Limpiar y Mantener:<\/strong> La cubierta removible facilita su limpieza, permite mantener el coj\u00edn higi\u00e9nico y presentable<\/span><\/p>","protected":false},"excerpt":{"rendered":"<p><strong>Nuestro coj\u00edn ha sido dise\u00f1ado pensando en tu bienestar y comodidad. Sus beneficios son innumerables<\/strong><\/p>\n<ol>\n<li>Alivio de la presi\u00f3n sobre el nervio ci\u00e1tico<\/li>\n<li>Ayuda a prevenir molestias en la espalda y hombros al estar mucho tiempo sentado<\/li>\n<li>Mejora de la circulaci\u00f3n sangu\u00ednea<\/li>\n<li>Ideal para la recuperaci\u00f3n postparto y durante la lactancia<\/li>\n<li>Su uso en es ideal para silla de ruedas<\/li>\n<li>Soporte sacro<\/li>\n<li>Ventilaci\u00f3n perineal<\/li>\n<\/ol>","protected":false},"featured_media":1360,"template":"","meta":[],"product_brand":[],"product_cat":[40,37],"product_tag":[41,29],"class_list":{"0":"post-860","1":"product","2":"type-product","3":"status-publish","4":"has-post-thumbnail","6":"product_cat-asiento","7":"product_cat-postura","8":"product_tag-alivio","9":"product_tag-confort","11":"first","12":"instock","13":"shipping-taxable","14":"purchasable","15":"product-type-variable"},"_links":{"self":[{"href":"https:\/\/easebliss.com\/en\/wp-json\/wp\/v2\/product\/860","targetHints":{"allow":["GET"]}}],"collection":[{"href":"https:\/\/easebliss.com\/en\/wp-json\/wp\/v2\/product"}],"about":[{"href":"https:\/\/easebliss.com\/en\/wp-json\/wp\/v2\/types\/product"}],"wp:featuredmedia":[{"embeddable":true,"href":"https:\/\/easebliss.com\/en\/wp-json\/wp\/v2\/media\/1360"}],"wp:attachment":[{"href":"https:\/\/easebliss.com\/en\/wp-json\/wp\/v2\/media?parent=860"}],"wp:term":[{"taxonomy":"product_brand","embeddable":true,"href":"https:\/\/easebliss.com\/en\/wp-json\/wp\/v2\/product_brand?post=860"},{"taxonomy":"product_cat","embeddable":true,"href":"https:\/\/easebliss.com\/en\/wp-json\/wp\/v2\/product_cat?post=860"},{"taxonomy":"product_tag","embeddable":true,"href":"https:\/\/easebliss.com\/en\/wp-json\/wp\/v2\/product_tag?post=860"}],"curies":[{"name":"wp","href":"https:\/\/api.w.org\/{rel}","templated":true}]}}